{"id":144,"date":"2014-05-13T00:51:25","date_gmt":"2014-05-12T22:51:25","guid":{"rendered":"http:\/\/www.torfteufel-worpswede.de\/?page_id=144"},"modified":"2023-04-24T18:47:21","modified_gmt":"2023-04-24T16:47:21","slug":"musikalische-leitung","status":"publish","type":"page","link":"https:\/\/www.torfteufel-worpswede.de\/?page_id=144","title":{"rendered":"Musikalische Leitung"},"content":{"rendered":"<hr>\n<h1 style=\"text-align: justify;\"><img loading=\"lazy\" decoding=\"async\" class=\"wp-image-3227 size-medium alignright\" src=\"http:\/\/www.torfteufel-worpswede.de\/wp-content\/uploads\/2014\/05\/Minja-228x300.png\" alt=\"\" width=\"228\" height=\"300\" srcset=\"https:\/\/www.torfteufel-worpswede.de\/wp-content\/uploads\/2014\/05\/Minja-228x300.png 228w, https:\/\/www.torfteufel-worpswede.de\/wp-content\/uploads\/2014\/05\/Minja.png 711w\" sizes=\"auto, (max-width: 228px) 100vw, 228px\" \/><strong>Unsere musikalische Leiterin:<\/strong><\/h1>\n<p style=\"text-align: justify;\">Minja Marx fing schon im Kindergartenalter mit dem Glockenspiel an. Mit 6 Jahren bekam sie Blockfl\u00f6tenunterricht. Im Alter von 8 Jahren begann sie mit Akkordeonunterricht. Im Laufe der Jahre hatte Sie dann noch Unterricht auf dem Keyboard, dem Klavier, der Gitarre, dem Saxophon, der Klarinette und der Querfl\u00f6te. Sehr fr\u00fch entschied sie sich, ihr Hobby zum Beruf zu machen. Neben dem Musikunterricht, den Sie erteilt, \u00fcbt Sie auch noch Ihre Konzertt\u00e4tigkeiten in verschieden Combos und Orchestern aus. So gewann sie z.B. mit der Bl\u00e4serphilharmonie Varel den nieders\u00e4chsischen Orchesterwettbewerb und qualifizierte sich damit f\u00fcr die Deutschen Meisterschaften. Bei diesen machte das Orchester den 7. Platz.<br \/>\nSie nahm mit dem Marinemusikkorps Nordsee an der Musikschau der Nationen teil und musizierte dort unter anderem beim &#8222;Orchester der Nationen&#8220; mit. Au\u00dferdem nahm Sie an zahlreichen CD-Produktionen teil und spielte auch schon bei Radio Bremen.<br \/>\nMinja Marx bestand 1994 als zweitbeste den Dirigentenkurs an der Bundesmusikschule in Alt-Gandersheim und durfte beim Abschlusskonzert das Musikkorps des Grenzschutzpr\u00e4sidiums Nord dirigieren.<br \/>\nMit 17 Jahren gr\u00fcndete Minja Marx zusammen mit einigen anderen Musikern die &#8222;Torfteufel Worpswede&#8220;, die sie seit diesem Moment leitet.<br \/>\nMit 18 Jahren wird sie stellvertretende Dirigentin im Blasorchester Lilienthal.<br \/>\nMit 19 Jahren legt sie Ihre Pr\u00fcfungen zur Registerf\u00fchrerin, Ausbilderin und Dirigentin ab.<br \/>\nMit 20 Jahren \u00fcbernimmt sie die Gr\u00fcndung und Leitung eines Nachwuchsorchesters in Bremerv\u00f6rde.<br \/>\nMit 21 Jahre absolviert sie einen Lehrgang zur &#8222;Musikalischen Fr\u00fcherziehung&#8220;. Au\u00dferdem gibt Minja bereits seit vielen Jahren Unterricht in den oben genannten Instrumenten. Kurze Zeit hiernach macht sich Minja mit dem Musikstudio Minja Marx selbstst\u00e4ndig, in dem sie bis heute Menschen aller Altersgruppen Musikunterricht erteilt.&nbsp;<\/p>\n<p style=\"text-align: justify;\">Neben ihrer Unterrichtst\u00e4tigkeit ist sie auch noch in zahlreichen Combos und Orchestern t\u00e4tig. Besonders erw\u00e4hnenswert ist hier vor allem die Band Atlanta.<\/p>\n<p>Aufgrund ihres hohen Engagements f\u00fcr den Erhalt des &#8222;Kulturguts Musik&#8220;, die musikalische F\u00f6rderung von speziell jungen und alten Menschen, sowie f\u00fcr die unerm\u00fcdliche Vereinsarbeit bei den Torfteufeln hat Minja im Dezember 2021 die <strong>Verdienstmedaille des Verdienstordens der Bundesrepublik Deutschland <\/strong>verliehen bekommen. Aufgrund der Corona-Pandemie wurde der Orden erst im September 2022 \u00fcberreicht.&nbsp;<\/p>\n<hr>\n<p><strong>Minjas Steckbrief:<\/strong><\/p>\n<p><strong>Welche Musikinstrumente spielst Du selber bzw. lernst du gerade?<\/strong><br \/>\n<em>&#8211; Das ist kurz gesagt: Keine Streich- und Zupfinstrumente.<\/em><br \/>\n<strong>Wie w\u00fcrdest du jemanden zum Mitmachen beiden Torfteufeln bewegen?<\/strong><br \/>\n<em>&#8211; Du willst in einer einzigartigen Besetzung mitspielen, in der die Noten gr\u00f6\u00dftenteils auf dich ma\u00dfgeschneidert werden und einen gro\u00dfartigen menschlichen Zusammenhalt kennenlernen? Dann bist du bei uns richtig.<\/em><br \/>\n<strong>Was interessiert dich neben der Musik besonders?<\/strong><br \/>\n<em>&#8211; Wie, da gibt es noch andere M\u00f6glichkeiten?<\/em><br \/>\n<strong>Welche drei Dinge nimmst du mit auf eine einsame Insel?<\/strong><br \/>\n<em>&#8211; Handy, Bett und ein Boot, damit ich wieder wegkomme.<\/em><\/p>\n<hr>\n","protected":false},"excerpt":{"rendered":"<p>Unsere musikalische Leiterin: Minja Marx fing schon im Kindergartenalter mit dem Glockenspiel an. Mit 6 Jahren bekam sie Blockfl\u00f6tenunterricht. Im Alter von 8 Jahren begann sie mit Akkordeonunterricht. Im Laufe der Jahre hatte Sie dann noch Unterricht auf dem Keyboard, &hellip; <a href=\"https:\/\/www.torfteufel-worpswede.de\/?page_id=144\">Weiterlesen <span class=\"meta-nav\">&rarr;<\/span><\/a><\/p>\n","protected":false},"author":5,"featured_media":0,"parent":17,"menu_order":3,"comment_status":"closed","ping_status":"closed","template":"","meta":{"ngg_post_thumbnail":0,"footnotes":"","_links_to":"","_links_to_target":""},"class_list":["post-144","page","type-page","status-publish","hentry"],"_links":{"self":[{"href":"https:\/\/www.torfteufel-worpswede.de\/index.php?rest_route=\/wp\/v2\/pages\/144","targetHints":{"allow":["GET"]}}],"collection":[{"href":"https:\/\/www.torfteufel-worpswede.de\/index.php?rest_route=\/wp\/v2\/pages"}],"about":[{"href":"https:\/\/www.torfteufel-worpswede.de\/index.php?rest_route=\/wp\/v2\/types\/page"}],"author":[{"embeddable":true,"href":"https:\/\/www.torfteufel-worpswede.de\/index.php?rest_route=\/wp\/v2\/users\/5"}],"replies":[{"embeddable":true,"href":"https:\/\/www.torfteufel-worpswede.de\/index.php?rest_route=%2Fwp%2Fv2%2Fcomments&post=144"}],"version-history":[{"count":49,"href":"https:\/\/www.torfteufel-worpswede.de\/index.php?rest_route=\/wp\/v2\/pages\/144\/revisions"}],"predecessor-version":[{"id":5187,"href":"https:\/\/www.torfteufel-worpswede.de\/index.php?rest_route=\/wp\/v2\/pages\/144\/revisions\/5187"}],"up":[{"embeddable":true,"href":"https:\/\/www.torfteufel-worpswede.de\/index.php?rest_route=\/wp\/v2\/pages\/17"}],"wp:attachment":[{"href":"https:\/\/www.torfteufel-worpswede.de\/index.php?rest_route=%2Fwp%2Fv2%2Fmedia&parent=144"}],"curies":[{"name":"wp","href":"https:\/\/api.w.org\/{rel}","templated":true}]}}